{"id":65,"date":"2021-08-14T22:02:08","date_gmt":"2021-08-15T01:02:08","guid":{"rendered":"https:\/\/sobreblogs.com.br\/v1\/?page_id=65"},"modified":"2022-06-18T10:55:51","modified_gmt":"2022-06-18T13:55:51","slug":"termos-de-uso","status":"publish","type":"page","link":"https:\/\/sobreblogs.com.br\/v1\/termos-de-uso\/","title":{"rendered":"Termos de Uso"},"content":{"rendered":"<h2>Termos de Uso: Sobre Blogs<\/h2>\n<p>Estes termos de servi\u00e7o regulam o uso deste site\/blog\/app. Ao acess\u00e1-lo voc\u00ea concorda com estes termos. Por favor, consulte regularmente os nossos termos de servi\u00e7o.<\/p>\n<p><strong>IMPORTANTE! ESSES TERMOS DE SERVI\u00c7O REGULAM O USO DESTE SITE\/BLOG\/APP. AO ACESSAR A ESSE SITE\/BLOG\/APP, VOC\u00ca ATESTA SEU CONHECIMENTO E CONCORD\u00c2NCIA COM ESSES TERMOS DE USO.<\/strong><\/p>\n<p><strong>CASO N\u00c3O CONCORDE COM ESTES TERMOS ENCERRE SUA SE\u00c7\u00c3O IMEDIATAMENTE E N\u00c3O FA\u00c7A USO DESTE SITE\/BLOG\/APP.<\/strong><\/p>\n<p><strong>ESSES TERMOS DE USO PODEM SER ALTERADOS A QUALQUER TEMPO E SEM AVISO. A UTILIZA\u00c7\u00c3O DESTE SITE\/BLOG\/APP AP\u00d3S TAIS ALTERA\u00c7\u00d5ES ENTRAREM EM VIGOR CONSTITUI SEU CONHECIMENTO E ACEITA\u00c7\u00c3O DAS MUDAN\u00c7AS. POR FAVOR, CONSULTE OS TERMOS DE USO ANTES DE CADA USO PARA AVERIGUAR MODIFICA\u00c7\u00d5ES.<\/strong><\/p>\n<h2>Acesso ao site\/blog\/app<\/h2>\n<p>Para acessar o conte\u00fado deste site\/blog\/app poder ser solicitado ao usu\u00e1rio algumas informa\u00e7\u00f5es pessoais como nome, e-mail e outros. Se acharmos que as informa\u00e7\u00f5es n\u00e3o s\u00e3o corretas ou verdadeiras, teremos o direito de recusar e\/ou cancelar o acesso a qualquer tempo, sem notifica\u00e7\u00e3o pr\u00e9via.<\/p>\n<h2>Restri\u00e7\u00f5es ao uso<\/h2>\n<p>Voc\u00ea s\u00f3 poder\u00e1 usar este site\/blog\/app para prop\u00f3sitos permitidos por n\u00f3s. Voc\u00ea n\u00e3o poder\u00e1 us\u00e1-lo em qualquer outro objetivo, especialmente comercial, sem o nosso consentimento pr\u00e9vio. N\u00e3o associe nossas marcas a nenhuma outra. N\u00e3o exponha nosso nome, logotipo, logomarca entre outros, indevidamente e de forma a causar confus\u00e3o.<\/p>\n<h2>Propriedade da informa\u00e7\u00e3o<\/h2>\n<p>O conte\u00fado do site\/blog\/app n\u00e3o pode ser copiado, distribu\u00eddo, publicado, carregado, postado ou transmitido por qualquer outro meio sem o nosso consentimento pr\u00e9vio, a n\u00e3o ser que a finalidade seja apenas a divulga\u00e7\u00e3o.<\/p>\n<h2>Hyperlinks, API e Refer\u00eancias<\/h2>\n<p>Este site\/blog\/app pode conter links para outros websites e blogs que n\u00e3o s\u00e3o mantidos ou relacionados \u00e0 nossa empresa. N\u00e3o somos respons\u00e1veis pelo conte\u00fado destes links. O usu\u00e1rio assume completamente o risco ao acessar estes hyperlinks.<\/p>\n<h2>Coment\u00e1rios<\/h2>\n<p>Ao postar algum coment\u00e1rio ou depoimento em nosso site voc\u00ea autoriza a publica\u00e7\u00e3o do mesmo em qualquer lugar que desejarmos, a fim de cooperar com a divulga\u00e7\u00e3o de nossos produtos.<\/p>\n<h2>Aviso legal<\/h2>\n<p>A informa\u00e7\u00e3o obtida ao usar este site\/blog\/app n\u00e3o \u00e9 completa e n\u00e3o cobre todas as quest\u00f5es, t\u00f3picos ou fatos que possam ser relevantes para seus objetivos. O uso deste site\/blog\/app \u00e9 de sua total responsabilidade. O conte\u00fado \u00e9 oferecido como est\u00e1 e sem garantias de qualquer tipo, expressas ou impl\u00edcitas. O conte\u00fado deste site\/blog\/app n\u00e3o \u00e9 palavra final sobre qualquer assunto, e podemos fazer melhorias a qualquer momento.<\/p>\n<p>Voc\u00ea, e n\u00e3o a nossa empresa, assume o custo de qualquer servi\u00e7o, reparo ou corre\u00e7\u00e3o necess\u00e1rios no caso de qualquer perda ou dano conseq\u00fcente do uso deste site\/blog\/app ou seu conte\u00fado.<\/p>\n<p>Voc\u00ea entende que nossa empresa n\u00e3o pode e n\u00e3o garante que arquivos dispon\u00edveis para download da Internet estejam livres de v\u00edrus, worms, cavalos de Tr\u00f3ia ou outro c\u00f3digo que possa manifestar propriedades contaminadoras ou destrutivas.<\/p>\n<h2>Limita\u00e7\u00e3o de responsabilidade<\/h2>\n<p><strong>A EMPRESA, SUAS FILIAIS, AFILIADOS, LICENCIANTES, PROVEDORES DE SERVI\u00c7O, PROVEDORES DE CONTE\u00daDO, EMPREGADOS, AGENTES, ADMINISTRADORES E DIRETORES N\u00c3O SER\u00c3O RESPONS\u00c1VEIS POR QUALQUER DANO EVENTUAL, DIRETO, INDIRETO, PUNITIVO, REAL, CONSEQUENTE, ESPECIAL, EXEMPLAR OU DE QUALQUER OUTRO TIPO, INCLUINDO PERDA DE RECEITA OU RENDA, DOR E SOFRIMENTO, ESTRESSE EMOCIONAL OU SIMILARES MESMO QUE A EMPRESA TENHA ACONSELHADO SOBRE A POSSIBILIDADE DE TAIS DANOS. DE NENHUMA FORMA A RESPONSABILDIADE COLETIVA DA EMPRESA E SUAS FILIAIS, AFILIADOS, LICENCIANTES, PROVEDORES DE SERVI\u00c7O, PROVEDORES DE CONTE\u00daDO, EMPREGADOS, AGENTES, ADMINISTRADORES E DIRETORES EM RELA\u00c7\u00c3O A TERCEIROS (INDEPENDENTE DO TIPO DE A\u00c7\u00c3O, SEJA POR CONTRATO OU QUALQUER OUTRO) EXCEDER\u00c1 A QUANTIA DE R$100 OU O VALOR PAGO \u00c0 EMPRESA POR TAL CONTE\u00daDO, PRODUTO OU SERVI\u00c7O DO QUAL A QUEST\u00c3O TENHA SIDO LEVANTADA.<\/strong><\/p>\n<h2>Indeniza\u00e7\u00e3o<\/h2>\n<p>Voc\u00ea vai indenizar e isentar a Empresa, suas filiais, afiliados, licenciantes, provedores de servi\u00e7o, provedores de conte\u00fado, empregados, agentes, administradores e diretores (referidas agora como Partes Isentas) de qualquer viola\u00e7\u00e3o desse Termos de Uso por voc\u00ea, incluindo o uso do Conte\u00fado diferente do expresso aqui. Voc\u00ea concorda que as Partes Isentas n\u00e3o t\u00eam responsabilidade ou conex\u00e3o com qualquer viola\u00e7\u00e3o ou uso n\u00e3o autorizado e voc\u00ea concorda em remediar toda e qualquer perda, dano, julgamento, pr\u00eamios, custo, despesas e honor\u00e1rios advocat\u00edcios das Partes Isentas ligadas a viola\u00e7\u00e3o. Voc\u00ea tamb\u00e9m indenizar\u00e1 e isentar\u00e1 as Partes Isentas de qualquer reivindica\u00e7\u00e3o de terceiros resultante do uso da informa\u00e7\u00e3o contida neste site\/blog\/app.<\/p>\n<h2>Marcas registradas<\/h2>\n<p>Marcas e logos presentes neste site\/blog\/app s\u00e3o propriedade da empresa ou da parte que as disponibilizaram para a empresa. A empresa e as partes que disponibilizaram marca e logo det\u00e9m todos os direitos sobre as mesmas.<\/p>\n<h2>Informa\u00e7\u00e3o provida pelo usu\u00e1rio<\/h2>\n<p>Voc\u00ea n\u00e3o pode publicar enviar, apresentar ou fazer conex\u00e3o a esse site\/blog\/app qualquer material que:<\/p>\n<p>voc\u00ea n\u00e3o tenha o direito de postar, incluindo material de propriedade de terceiros defenda atividade ilegal ou discutir a inten\u00e7\u00e3o de fazer algo ilegal; seja vulgar, obsceno, pornogr\u00e1fico ou indecente n\u00e3o diga respeito diretamente a este site\/blog\/app; possa amea\u00e7ar ou insultar outros, difamar, caluniar, invadir privacidade, perseguir, ser obsceno, pornogr\u00e1fico, racista, assediar ou ofender; busca explorar ou prejudicar crian\u00e7as expondo-as a conte\u00fado inapropriado, perguntar sobre informa\u00e7\u00f5es pessoais ou qualquer outro do tipo; infrinja qualquer propriedade intelectual ou outro direito de pessoa ou entidade, incluindo viola\u00e7\u00f5es de direitos autorais, marca registrada ou direitos de publicidade; violam qualquer lei ou podem ser considerados para violar a lei; personifique ou deturpar sua conex\u00e3o com qualquer entidade ou pessoa; ou ainda manipula t\u00edtulos ou identificadores para encobrir a origem do conte\u00fado promova qualquer empreendimento comercial (ex: oferecer produtos ou servi\u00e7os em promo\u00e7\u00e3o) ou que engaje de qualquer forma em uma atividade comercial (ex: realizar sorteios ou concursos, expor banners patrocinadores e\/ou solicitar bens e servi\u00e7os) exceto que especificamente autorizado neste site\/blog\/app; solicitar fundos, divulga\u00e7\u00f5es ou patrocinadores; inclua programas com v\u00edrus, worms e\/ou Cavalos de Tr\u00f3ia ou qualquer outro c\u00f3digo, arquivo ou programa de computador destinado a interromper, destruir ou limitar a funcionalidade de qualquer software ou hardware de computador ou telecomunica\u00e7\u00f5es; interrompa o fluxo normal da conversa, fa\u00e7a com que a tela \u201crole\u201d mais r\u00e1pido que os outros usu\u00e1rios conseguem acompanhar ou mesmo agir de modo a afetar a habilidade de outras pessoas de se engajar em atividades em tempo real neste site\/blog\/app; inclua arquivos em formato MP3 desobede\u00e7a qualquer pol\u00edtica ou regra estabelecida de tempos em tempos para o uso desse site\/blog\/app ou qualquer rede conectada a ele; ou contenha hiperlinks para sites e blogs que contenham conte\u00fado que se enquadrem nas descri\u00e7\u00f5es acima.<\/p>\n<p>Mesmo sem a obriga\u00e7\u00e3o de faz\u00ea-lo, nossa Empresa reserva o direito de monitorar o uso deste site\/blog\/app para determinar o cumprimento desse Termos de Uso assim como o de remover ou vetar qualquer informa\u00e7\u00e3o por qualquer raz\u00e3o. De qualquer forma voc\u00ea \u00e9 completamente respons\u00e1vel pelo conte\u00fado de seus envios. Voc\u00ea sabe e concorda que nem a Empresa ou qualquer terceiro provendo conte\u00fado para a Empresa assumir\u00e1 qualquer responsabilidade por nenhuma a\u00e7\u00e3o ou ina\u00e7\u00e3o da Empresa ou referido terceiro a respeito de qualquer envio.<\/p>\n<h2>Seguran\u00e7a<\/h2>\n<p>Toda senha usada para este site\/blog\/app \u00e9 somente para uso individual. Voc\u00ea \u00e9 respons\u00e1vel pela seguran\u00e7a de sua senha (se for o caso). A Empresa tem o direito de monitorar a seguran\u00e7a de sua senha e ao seu crit\u00e9rio pode pedir que voc\u00ea a mude. Se voc\u00ea usar qualquer senha que a Empresa considere insegura, a Empresa tem o direito de requisitar que a senha seja modificada e\/ou cancelar a sua conta.<\/p>\n<p>\u00c9 proibido usar qualquer servi\u00e7o ou ferramenta conectada a este site\/blog\/app para comprometer a seguran\u00e7a ou mexer com os recursos do sistema e\/ou contas. O uso ou distribui\u00e7\u00e3o de ferramentas destinadas para comprometer a seguran\u00e7a (ex: programas para descobrir senha, ferramentas de crack ou de sondagem da rede) s\u00e3o estritamente proibidos. Se voc\u00ea estiver envolvido em qualquer viola\u00e7\u00e3o da seguran\u00e7a do sistema, a Empresa se reserva o direito de fornecer suas informa\u00e7\u00f5es para os administradores de sistema de outros sites e blogs para ajud\u00e1-los a resolver incidentes de seguran\u00e7a. A Empresa se reserva o direito de investigar potenciais viola\u00e7\u00f5es a esse Termos de Uso.<\/p>\n<p>A Empresa se reserva o direito de cooperar totalmente com as autoridades competentes ou pedidos da justi\u00e7a para que a Empresa revele a identidade de qualquer pessoa que publique e-mail, mensagem ou disponibilize qualquer material que possa violar esse Termos de Uso.<\/p>\n<p><strong>AO ACEITAR ESSE ACORDO VOC\u00ca ISENTA A EMPRESA DE QUALQUER CONSEQU\u00caNCIA RESULTANTE DE QUALQUER A\u00c7\u00c3O DA EMPRESA DURANTE OU COMO RESULTADO DE SUAS INVESTIGA\u00c7\u00d5ES E\/OU DE A\u00c7\u00d5ES TOMADAS RESULTANTES DE INVESTIGA\u00c7\u00d5ES TANTO DA EMPRESA QUANTO DAS AUTORIDADES DE JUSTI\u00c7A COMPETENTES.<\/strong><\/p>\n<p><img decoding=\"async\" class=\"aligncenter wp-image-93 size-full\" src=\"https:\/\/sobreblogs.com.br\/v1\/wp-content\/uploads\/2022\/05\/Termos-de-Uso-Conteudo-com-Resposabilidade.jpg\" alt=\"Termos de Uso - Conte\u00fado com Responsabilidade\" width=\"1200\" height=\"628\" title=\"\"><\/p>\n","protected":false},"excerpt":{"rendered":"<p>Termos de Uso do Portal Sobre Blogs &#8211; Tudo sobre Sites e Blogs .Todo sobre os Blogs mais Badalados da Web<\/p>\n","protected":false},"author":7,"featured_media":91,"parent":0,"menu_order":0,"comment_status":"closed","ping_status":"closed","template":"","meta":{"ocean_post_layout":"","ocean_both_sidebars_style":"","ocean_both_sidebars_content_width":0,"ocean_both_sidebars_sidebars_width":0,"ocean_sidebar":"0","ocean_second_sidebar":"0","ocean_disable_margins":"enable","ocean_add_body_class":"","ocean_shortcode_before_top_bar":"","ocean_shortcode_after_top_bar":"","ocean_shortcode_before_header":"","ocean_shortcode_after_header":"","ocean_has_shortcode":"","ocean_shortcode_after_title":"","ocean_shortcode_before_footer_widgets":"","ocean_shortcode_after_footer_widgets":"","ocean_shortcode_before_footer_bottom":"","ocean_shortcode_after_footer_bottom":"","ocean_display_top_bar":"default","ocean_display_header":"default","ocean_header_style":"","ocean_center_header_left_menu":"0","ocean_custom_header_template":"0","ocean_custom_logo":0,"ocean_custom_retina_logo":0,"ocean_custom_logo_max_width":0,"ocean_custom_logo_tablet_max_width":0,"ocean_custom_logo_mobile_max_width":0,"ocean_custom_logo_max_height":0,"ocean_custom_logo_tablet_max_height":0,"ocean_custom_logo_mobile_max_height":0,"ocean_header_custom_menu":"0","ocean_menu_typo_font_family":"0","ocean_menu_typo_font_subset":"","ocean_menu_typo_font_size":0,"ocean_menu_typo_font_size_tablet":0,"ocean_menu_typo_font_size_mobile":0,"ocean_menu_typo_font_size_unit":"px","ocean_menu_typo_font_weight":"","ocean_menu_typo_font_weight_tablet":"","ocean_menu_typo_font_weight_mobile":"","ocean_menu_typo_transform":"","ocean_menu_typo_transform_tablet":"","ocean_menu_typo_transform_mobile":"","ocean_menu_typo_line_height":0,"ocean_menu_typo_line_height_tablet":0,"ocean_menu_typo_line_height_mobile":0,"ocean_menu_typo_line_height_unit":"","ocean_menu_typo_spacing":0,"ocean_menu_typo_spacing_tablet":0,"ocean_menu_typo_spacing_mobile":0,"ocean_menu_typo_spacing_unit":"","ocean_menu_link_color":"","ocean_menu_link_color_hover":"","ocean_menu_link_color_active":"","ocean_menu_link_background":"","ocean_menu_link_hover_background":"","ocean_menu_link_active_background":"","ocean_menu_social_links_bg":"","ocean_menu_social_hover_links_bg":"","ocean_menu_social_links_color":"","ocean_menu_social_hover_links_color":"","ocean_disable_title":"default","ocean_disable_heading":"default","ocean_post_title":"","ocean_post_subheading":"","ocean_post_title_style":"background-image","ocean_post_title_background_color":"","ocean_post_title_background":91,"ocean_post_title_bg_image_position":"","ocean_post_title_bg_image_attachment":"","ocean_post_title_bg_image_repeat":"no-repeat","ocean_post_title_bg_image_size":"cover","ocean_post_title_height":628,"ocean_post_title_bg_overlay":0.5,"ocean_post_title_bg_overlay_color":"","ocean_disable_breadcrumbs":"default","ocean_breadcrumbs_color":"","ocean_breadcrumbs_separator_color":"","ocean_breadcrumbs_links_color":"","ocean_breadcrumbs_links_hover_color":"","ocean_display_footer_widgets":"default","ocean_display_footer_bottom":"default","ocean_custom_footer_template":"0","footnotes":"","_links_to":"","_links_to_target":""},"class_list":["post-65","page","type-page","status-publish","has-post-thumbnail","hentry","entry","has-media"],"_links":{"self":[{"href":"https:\/\/sobreblogs.com.br\/v1\/wp-json\/wp\/v2\/pages\/65","targetHints":{"allow":["GET"]}}],"collection":[{"href":"https:\/\/sobreblogs.com.br\/v1\/wp-json\/wp\/v2\/pages"}],"about":[{"href":"https:\/\/sobreblogs.com.br\/v1\/wp-json\/wp\/v2\/types\/page"}],"author":[{"embeddable":true,"href":"https:\/\/sobreblogs.com.br\/v1\/wp-json\/wp\/v2\/users\/7"}],"replies":[{"embeddable":true,"href":"https:\/\/sobreblogs.com.br\/v1\/wp-json\/wp\/v2\/comments?post=65"}],"version-history":[{"count":0,"href":"https:\/\/sobreblogs.com.br\/v1\/wp-json\/wp\/v2\/pages\/65\/revisions"}],"wp:featuredmedia":[{"embeddable":true,"href":"https:\/\/sobreblogs.com.br\/v1\/wp-json\/wp\/v2\/media\/91"}],"wp:attachment":[{"href":"https:\/\/sobreblogs.com.br\/v1\/wp-json\/wp\/v2\/media?parent=65"}],"curies":[{"name":"wp","href":"https:\/\/api.w.org\/{rel}","templated":true}]}}